{"id":8535,"date":"2022-02-21T23:54:36","date_gmt":"2022-02-21T23:54:36","guid":{"rendered":"http:\/\/www.tinibrush.ch\/?post_type=product&#038;p=8535"},"modified":"2025-02-03T20:14:52","modified_gmt":"2025-02-03T20:14:52","slug":"tinibrush-eleven-package","status":"publish","type":"product","link":"https:\/\/www.tinibrush.ch\/en\/product\/tinibrush-eleven-package\/","title":{"rendered":"Tinibrush Package"},"content":{"rendered":"<div data-elementor-type=\"product-post\" data-elementor-id=\"8535\" class=\"elementor elementor-8535\">\n\t\t\t\t\t\t<section class=\"elementor-section elementor-top-section elementor-element elementor-element-6fa3bd6e elementor-section-boxed elementor-section-height-default elementor-section-height-default wd-section-disabled\" data-id=\"6fa3bd6e\" data-element_type=\"section\">\n\t\t\t\t\t\t<div class=\"elementor-container elementor-column-gap-default\">\n\t\t\t\t\t<div class=\"elementor-column elementor-col-100 elementor-top-column elementor-element elementor-element-6f346b43\" data-id=\"6f346b43\" data-element_type=\"column\">\n\t\t\t<div class=\"elementor-widget-wrap elementor-element-populated\">\n\t\t\t\t\t\t<div class=\"elementor-element elementor-element-69d9a869 color-scheme-inherit elementor-widget elementor-widget-text-editor\" data-id=\"69d9a869\" data-element_type=\"widget\" data-widget_type=\"text-editor.default\">\n\t\t\t\t<div class=\"elementor-widget-container\">\n\t\t\t\t\t\t\t\t\t<p><strong>Discover the Full Benefits of Tinibrush Five<\/strong><\/p><p>Unlock the complete potential of Tinibrush Five and learn how this innovative toothbrush can transform your oral health.\u00a0<a href=\"https:\/\/www.tinibrush.ch\/en\/product\/tinibrush-five\/\">Click here for a detailed description.<\/a><\/p><p><strong>Explore the Advantages of Tinibrush Eleven<br \/><\/strong><\/p><p>Find out how Tinibrush Eleven can enhance your well-being with its unique features and benefits.\u00a0<a href=\"https:\/\/www.tinibrush.ch\/en\/product\/tinibrush-eleven\/\">Click here for a detailed description.<\/a><\/p>\t\t\t\t\t\t\t\t<\/div>\n\t\t\t\t<\/div>\n\t\t\t\t\t<\/div>\n\t\t<\/div>\n\t\t\t\t\t<\/div>\n\t\t<\/section>\n\t\t\t\t<\/div>","protected":false},"excerpt":{"rendered":"<p><strong>Tinibrush Complete Set:<\/strong>\u00a0The ultimate set for comprehensive dental and health care. Includes magnetic toothbrush, massage device, and replacement heads.<\/p>","protected":false},"featured_media":9087,"template":"","meta":[],"product_brand":[],"product_cat":[15],"product_tag":[86],"class_list":{"0":"post-8535","1":"product","2":"type-product","3":"status-publish","4":"has-post-thumbnail","6":"product_cat-tinibrush","7":"product_tag-tinibrush-package","9":"first","10":"instock","11":"shipping-taxable","12":"purchasable","13":"product-type-variable","14":"has-default-attributes"},"yoast_head":"<!-- This site is optimized with the Yoast SEO plugin v24.4 - https:\/\/yoast.com\/wordpress\/plugins\/seo\/ -->\n<title>Tinibrush Package - Tinibrush\u00ae<\/title>\n<meta name=\"description\" content=\"Tinibrush Paket: Das ultimative Set f\u00fcr umfassende Zahn- und Gesundheitsvorsorge. Enth\u00e4lt magnetische Zahnb\u00fcrste und Massageger\u00e4t. Ideal zum Verschenken und f\u00fcr den pers\u00f6nlichen Gebrauch.\" \/>\n<meta name=\"robots\" content=\"index, follow, max-snippet:-1, max-image-preview:large, max-video-preview:-1\" \/>\n<link rel=\"canonical\" href=\"https:\/\/www.tinibrush.ch\/en\/product\/tinibrush-eleven-package\/\" \/>\n<meta property=\"og:locale\" content=\"en_GB\" \/>\n<meta property=\"og:type\" content=\"article\" \/>\n<meta property=\"og:title\" content=\"Tinibrush Package - Tinibrush\u00ae\" \/>\n<meta property=\"og:description\" content=\"Tinibrush Paket: Das ultimative Set f\u00fcr umfassende Zahn- und Gesundheitsvorsorge. Enth\u00e4lt magnetische Zahnb\u00fcrste und Massageger\u00e4t. Ideal zum Verschenken und f\u00fcr den pers\u00f6nlichen Gebrauch.\" \/>\n<meta property=\"og:url\" content=\"https:\/\/www.tinibrush.ch\/en\/product\/tinibrush-eleven-package\/\" \/>\n<meta property=\"og:site_name\" content=\"Tinibrush\u00ae\" \/>\n<meta property=\"article:publisher\" content=\"https:\/\/facebook.com\/tinibrush\" \/>\n<meta property=\"article:modified_time\" content=\"2025-02-03T20:14:52+00:00\" \/>\n<meta property=\"og:image\" content=\"https:\/\/www.tinibrush.ch\/wp-content\/uploads\/2022\/02\/TBpackage_001.jpg\" \/>\n\t<meta property=\"og:image:width\" content=\"2000\" \/>\n\t<meta property=\"og:image:height\" content=\"2000\" \/>\n\t<meta property=\"og:image:type\" content=\"image\/jpeg\" \/>\n<meta name=\"twitter:card\" content=\"summary_large_image\" \/>\n<script type=\"application\/ld+json\" class=\"yoast-schema-graph\">{\"@context\":\"https:\/\/schema.org\",\"@graph\":[{\"@type\":\"WebPage\",\"@id\":\"https:\/\/www.tinibrush.ch\/product\/tinibrush-eleven-package\/\",\"url\":\"https:\/\/www.tinibrush.ch\/product\/tinibrush-eleven-package\/\",\"name\":\"Tinibrush Package - Tinibrush\u00ae\",\"isPartOf\":{\"@id\":\"https:\/\/www.tinibrush.ch\/en\/#website\"},\"primaryImageOfPage\":{\"@id\":\"https:\/\/www.tinibrush.ch\/product\/tinibrush-eleven-package\/#primaryimage\"},\"image\":{\"@id\":\"https:\/\/www.tinibrush.ch\/product\/tinibrush-eleven-package\/#primaryimage\"},\"thumbnailUrl\":\"https:\/\/www.tinibrush.ch\/wp-content\/uploads\/2022\/02\/TBpackage_001.jpg\",\"datePublished\":\"2022-02-21T23:54:36+00:00\",\"dateModified\":\"2025-02-03T20:14:52+00:00\",\"description\":\"Tinibrush Paket: Das ultimative Set f\u00fcr umfassende Zahn- und Gesundheitsvorsorge. Enth\u00e4lt magnetische Zahnb\u00fcrste und Massageger\u00e4t. Ideal zum Verschenken und f\u00fcr den pers\u00f6nlichen Gebrauch.\",\"breadcrumb\":{\"@id\":\"https:\/\/www.tinibrush.ch\/product\/tinibrush-eleven-package\/#breadcrumb\"},\"inLanguage\":\"en-GB\",\"potentialAction\":[{\"@type\":\"ReadAction\",\"target\":[\"https:\/\/www.tinibrush.ch\/product\/tinibrush-eleven-package\/\"]}]},{\"@type\":\"ImageObject\",\"inLanguage\":\"en-GB\",\"@id\":\"https:\/\/www.tinibrush.ch\/product\/tinibrush-eleven-package\/#primaryimage\",\"url\":\"https:\/\/www.tinibrush.ch\/wp-content\/uploads\/2022\/02\/TBpackage_001.jpg\",\"contentUrl\":\"https:\/\/www.tinibrush.ch\/wp-content\/uploads\/2022\/02\/TBpackage_001.jpg\",\"width\":2000,\"height\":2000},{\"@type\":\"BreadcrumbList\",\"@id\":\"https:\/\/www.tinibrush.ch\/product\/tinibrush-eleven-package\/#breadcrumb\",\"itemListElement\":[{\"@type\":\"ListItem\",\"position\":1,\"name\":\"Home\",\"item\":\"https:\/\/www.tinibrush.ch\/\"},{\"@type\":\"ListItem\",\"position\":2,\"name\":\"Webshop\",\"item\":\"https:\/\/www.tinibrush.ch\/shop\/\"},{\"@type\":\"ListItem\",\"position\":3,\"name\":\"Tinibrush Package\"}]},{\"@type\":\"WebSite\",\"@id\":\"https:\/\/www.tinibrush.ch\/en\/#website\",\"url\":\"https:\/\/www.tinibrush.ch\/en\/\",\"name\":\"Tinibrush\",\"description\":\"\",\"publisher\":{\"@id\":\"https:\/\/www.tinibrush.ch\/en\/#organization\"},\"potentialAction\":[{\"@type\":\"SearchAction\",\"target\":{\"@type\":\"EntryPoint\",\"urlTemplate\":\"https:\/\/www.tinibrush.ch\/en\/?s={search_term_string}\"},\"query-input\":{\"@type\":\"PropertyValueSpecification\",\"valueRequired\":true,\"valueName\":\"search_term_string\"}}],\"inLanguage\":\"en-GB\"},{\"@type\":\"Organization\",\"@id\":\"https:\/\/www.tinibrush.ch\/en\/#organization\",\"name\":\"Tinibrush\",\"url\":\"https:\/\/www.tinibrush.ch\/en\/\",\"logo\":{\"@type\":\"ImageObject\",\"inLanguage\":\"en-GB\",\"@id\":\"https:\/\/www.tinibrush.ch\/en\/#\/schema\/logo\/image\/\",\"url\":\"https:\/\/www.tinibrush.ch\/wp-content\/uploads\/2022\/03\/tinibrush_logo.png\",\"contentUrl\":\"https:\/\/www.tinibrush.ch\/wp-content\/uploads\/2022\/03\/tinibrush_logo.png\",\"width\":241,\"height\":67,\"caption\":\"Tinibrush\"},\"image\":{\"@id\":\"https:\/\/www.tinibrush.ch\/en\/#\/schema\/logo\/image\/\"},\"sameAs\":[\"https:\/\/facebook.com\/tinibrush\",\"https:\/\/www.instagram.com\/tinibrush.ch\"]}]}<\/script>\n<!-- \/ Yoast SEO plugin. -->","yoast_head_json":{"title":"Tinibrush Package - Tinibrush\u00ae","description":"Tinibrush Paket: Das ultimative Set f\u00fcr umfassende Zahn- und Gesundheitsvorsorge. Enth\u00e4lt magnetische Zahnb\u00fcrste und Massageger\u00e4t. Ideal zum Verschenken und f\u00fcr den pers\u00f6nlichen Gebrauch.","robots":{"index":"index","follow":"follow","max-snippet":"max-snippet:-1","max-image-preview":"max-image-preview:large","max-video-preview":"max-video-preview:-1"},"canonical":"https:\/\/www.tinibrush.ch\/en\/product\/tinibrush-eleven-package\/","og_locale":"en_GB","og_type":"article","og_title":"Tinibrush Package - Tinibrush\u00ae","og_description":"Tinibrush Paket: Das ultimative Set f\u00fcr umfassende Zahn- und Gesundheitsvorsorge. Enth\u00e4lt magnetische Zahnb\u00fcrste und Massageger\u00e4t. Ideal zum Verschenken und f\u00fcr den pers\u00f6nlichen Gebrauch.","og_url":"https:\/\/www.tinibrush.ch\/en\/product\/tinibrush-eleven-package\/","og_site_name":"Tinibrush\u00ae","article_publisher":"https:\/\/facebook.com\/tinibrush","article_modified_time":"2025-02-03T20:14:52+00:00","og_image":[{"width":2000,"height":2000,"url":"https:\/\/www.tinibrush.ch\/wp-content\/uploads\/2022\/02\/TBpackage_001.jpg","type":"image\/jpeg"}],"twitter_card":"summary_large_image","schema":{"@context":"https:\/\/schema.org","@graph":[{"@type":"WebPage","@id":"https:\/\/www.tinibrush.ch\/product\/tinibrush-eleven-package\/","url":"https:\/\/www.tinibrush.ch\/product\/tinibrush-eleven-package\/","name":"Tinibrush Package - Tinibrush\u00ae","isPartOf":{"@id":"https:\/\/www.tinibrush.ch\/en\/#website"},"primaryImageOfPage":{"@id":"https:\/\/www.tinibrush.ch\/product\/tinibrush-eleven-package\/#primaryimage"},"image":{"@id":"https:\/\/www.tinibrush.ch\/product\/tinibrush-eleven-package\/#primaryimage"},"thumbnailUrl":"https:\/\/www.tinibrush.ch\/wp-content\/uploads\/2022\/02\/TBpackage_001.jpg","datePublished":"2022-02-21T23:54:36+00:00","dateModified":"2025-02-03T20:14:52+00:00","description":"Tinibrush Paket: Das ultimative Set f\u00fcr umfassende Zahn- und Gesundheitsvorsorge. Enth\u00e4lt magnetische Zahnb\u00fcrste und Massageger\u00e4t. Ideal zum Verschenken und f\u00fcr den pers\u00f6nlichen Gebrauch.","breadcrumb":{"@id":"https:\/\/www.tinibrush.ch\/product\/tinibrush-eleven-package\/#breadcrumb"},"inLanguage":"en-GB","potentialAction":[{"@type":"ReadAction","target":["https:\/\/www.tinibrush.ch\/product\/tinibrush-eleven-package\/"]}]},{"@type":"ImageObject","inLanguage":"en-GB","@id":"https:\/\/www.tinibrush.ch\/product\/tinibrush-eleven-package\/#primaryimage","url":"https:\/\/www.tinibrush.ch\/wp-content\/uploads\/2022\/02\/TBpackage_001.jpg","contentUrl":"https:\/\/www.tinibrush.ch\/wp-content\/uploads\/2022\/02\/TBpackage_001.jpg","width":2000,"height":2000},{"@type":"BreadcrumbList","@id":"https:\/\/www.tinibrush.ch\/product\/tinibrush-eleven-package\/#breadcrumb","itemListElement":[{"@type":"ListItem","position":1,"name":"Home","item":"https:\/\/www.tinibrush.ch\/"},{"@type":"ListItem","position":2,"name":"Webshop","item":"https:\/\/www.tinibrush.ch\/shop\/"},{"@type":"ListItem","position":3,"name":"Tinibrush Package"}]},{"@type":"WebSite","@id":"https:\/\/www.tinibrush.ch\/en\/#website","url":"https:\/\/www.tinibrush.ch\/en\/","name":"Tinibrush","description":"","publisher":{"@id":"https:\/\/www.tinibrush.ch\/en\/#organization"},"potentialAction":[{"@type":"SearchAction","target":{"@type":"EntryPoint","urlTemplate":"https:\/\/www.tinibrush.ch\/en\/?s={search_term_string}"},"query-input":{"@type":"PropertyValueSpecification","valueRequired":true,"valueName":"search_term_string"}}],"inLanguage":"en-GB"},{"@type":"Organization","@id":"https:\/\/www.tinibrush.ch\/en\/#organization","name":"Tinibrush","url":"https:\/\/www.tinibrush.ch\/en\/","logo":{"@type":"ImageObject","inLanguage":"en-GB","@id":"https:\/\/www.tinibrush.ch\/en\/#\/schema\/logo\/image\/","url":"https:\/\/www.tinibrush.ch\/wp-content\/uploads\/2022\/03\/tinibrush_logo.png","contentUrl":"https:\/\/www.tinibrush.ch\/wp-content\/uploads\/2022\/03\/tinibrush_logo.png","width":241,"height":67,"caption":"Tinibrush"},"image":{"@id":"https:\/\/www.tinibrush.ch\/en\/#\/schema\/logo\/image\/"},"sameAs":["https:\/\/facebook.com\/tinibrush","https:\/\/www.instagram.com\/tinibrush.ch"]}]}},"_links":{"self":[{"href":"https:\/\/www.tinibrush.ch\/en\/wp-json\/wp\/v2\/product\/8535","targetHints":{"allow":["GET"]}}],"collection":[{"href":"https:\/\/www.tinibrush.ch\/en\/wp-json\/wp\/v2\/product"}],"about":[{"href":"https:\/\/www.tinibrush.ch\/en\/wp-json\/wp\/v2\/types\/product"}],"version-history":[{"count":13,"href":"https:\/\/www.tinibrush.ch\/en\/wp-json\/wp\/v2\/product\/8535\/revisions"}],"predecessor-version":[{"id":9460,"href":"https:\/\/www.tinibrush.ch\/en\/wp-json\/wp\/v2\/product\/8535\/revisions\/9460"}],"wp:featuredmedia":[{"embeddable":true,"href":"https:\/\/www.tinibrush.ch\/en\/wp-json\/wp\/v2\/media\/9087"}],"wp:attachment":[{"href":"https:\/\/www.tinibrush.ch\/en\/wp-json\/wp\/v2\/media?parent=8535"}],"wp:term":[{"taxonomy":"product_brand","embeddable":true,"href":"https:\/\/www.tinibrush.ch\/en\/wp-json\/wp\/v2\/product_brand?post=8535"},{"taxonomy":"product_cat","embeddable":true,"href":"https:\/\/www.tinibrush.ch\/en\/wp-json\/wp\/v2\/product_cat?post=8535"},{"taxonomy":"product_tag","embeddable":true,"href":"https:\/\/www.tinibrush.ch\/en\/wp-json\/wp\/v2\/product_tag?post=8535"}],"curies":[{"name":"wp","href":"https:\/\/api.w.org\/{rel}","templated":true}]}}