{"id":8898,"date":"2022-06-06T11:54:11","date_gmt":"2022-06-06T11:54:11","guid":{"rendered":"https:\/\/www.tinibrush.ch\/?post_type=product&#038;p=8898"},"modified":"2025-02-05T19:13:47","modified_gmt":"2025-02-05T19:13:47","slug":"tinibrush%ef%b8%8f-ersatzset","status":"publish","type":"product","link":"https:\/\/www.tinibrush.ch\/en\/product\/tinibrush%ef%b8%8f-ersatzset\/","title":{"rendered":"Tinibrush Set of 3 exchange heads"},"content":{"rendered":"<div data-elementor-type=\"product-post\" data-elementor-id=\"8898\" class=\"elementor elementor-8898\">\n\t\t\t\t\t\t<section class=\"elementor-section elementor-top-section elementor-element elementor-element-6fe60268 elementor-section-boxed elementor-section-height-default elementor-section-height-default wd-section-disabled\" data-id=\"6fe60268\" data-element_type=\"section\">\n\t\t\t\t\t\t<div class=\"elementor-container elementor-column-gap-default\">\n\t\t\t\t\t<div class=\"elementor-column elementor-col-100 elementor-top-column elementor-element elementor-element-7c61072\" data-id=\"7c61072\" data-element_type=\"column\">\n\t\t\t<div class=\"elementor-widget-wrap elementor-element-populated\">\n\t\t\t\t\t\t<div class=\"elementor-element elementor-element-4793e5db color-scheme-inherit elementor-widget elementor-widget-text-editor\" data-id=\"4793e5db\" data-element_type=\"widget\" data-widget_type=\"text-editor.default\">\n\t\t\t\t<div class=\"elementor-widget-container\">\n\t\t\t\t\t\t\t\t\t<div><p><strong>Enhance Your Tinibrush Five Experience with the Tinibrush Set<\/strong><\/p><p>Maximize the benefits of your Tinibrush Five with our convenient Tinibrush Set, which includes 3 replacement brush heads. For optimal hygiene and to maintain the highest bristle quality, we recommend changing the brush head every 3 months.<\/p><p><strong>Vibrant Color Options to Suit Your Style<\/strong><\/p><p>Personalize your Tinibrush Five with our selection of 7 vibrant colors: White, Blue, Green, Yellow, Corn, Orange, and Black. Choose your favorite color or mix and match to add a touch of fun to your daily oral care routine.<\/p><\/div>\t\t\t\t\t\t\t\t<\/div>\n\t\t\t\t<\/div>\n\t\t\t\t\t<\/div>\n\t\t<\/div>\n\t\t\t\t\t<\/div>\n\t\t<\/section>\n\t\t\t\t<\/div>","protected":false},"excerpt":{"rendered":"<p><strong>Tinibrush Replacement Brush Heads \u2013 3-Pack:<\/strong>\u00a0Set of three replacement brush heads for the Tinibrush Five. Available in various colors for optimal hygiene and consistent bristle quality.<\/p>\n<p><strong>Tinibrush Five Replacement Brush Heads:<\/strong>\u00a0High-quality replacement brush heads for the Tinibrush Five, ensuring continuous and hygienic dental care.<\/p>","protected":false},"featured_media":9041,"template":"","meta":[],"product_brand":[],"product_cat":[15],"product_tag":[87],"class_list":{"0":"post-8898","1":"product","2":"type-product","3":"status-publish","4":"has-post-thumbnail","6":"product_cat-tinibrush","7":"product_tag-tinibrush-set","9":"first","10":"instock","11":"shipping-taxable","12":"purchasable","13":"product-type-variable"},"yoast_head":"<!-- This site is optimized with the Yoast SEO plugin v24.4 - https:\/\/yoast.com\/wordpress\/plugins\/seo\/ -->\n<title>Tinibrush Set mit 3 Ersatzk\u00f6pfen - Tinibrush\u00ae<\/title>\n<meta name=\"description\" content=\"Halten Sie Ihre Tinibrush Five in bestem Zustand mit unserem Set aus 3 Ersatzb\u00fcrstenk\u00f6pfen. In verschiedenen Farben erh\u00e4ltlich f\u00fcr optimale Hygiene und gleichbleibende Borstenqualit\u00e4t.\" \/>\n<meta name=\"robots\" content=\"index, follow, max-snippet:-1, max-image-preview:large, max-video-preview:-1\" \/>\n<link rel=\"canonical\" href=\"https:\/\/www.tinibrush.ch\/en\/product\/tinibrush\ufe0f-ersatzset\/\" \/>\n<meta property=\"og:locale\" content=\"en_GB\" \/>\n<meta property=\"og:type\" content=\"article\" \/>\n<meta property=\"og:title\" content=\"Tinibrush Set mit 3 Ersatzk\u00f6pfen - Tinibrush\u00ae\" \/>\n<meta property=\"og:description\" content=\"Halten Sie Ihre Tinibrush Five in bestem Zustand mit unserem Set aus 3 Ersatzb\u00fcrstenk\u00f6pfen. In verschiedenen Farben erh\u00e4ltlich f\u00fcr optimale Hygiene und gleichbleibende Borstenqualit\u00e4t.\" \/>\n<meta property=\"og:url\" content=\"https:\/\/www.tinibrush.ch\/en\/product\/tinibrush\ufe0f-ersatzset\/\" \/>\n<meta property=\"og:site_name\" content=\"Tinibrush\u00ae\" \/>\n<meta property=\"article:publisher\" content=\"https:\/\/facebook.com\/tinibrush\" \/>\n<meta property=\"article:modified_time\" content=\"2025-02-05T19:13:47+00:00\" \/>\n<meta property=\"og:image\" content=\"https:\/\/www.tinibrush.ch\/wp-content\/uploads\/2022\/06\/TBset_001.jpg\" \/>\n\t<meta property=\"og:image:width\" content=\"2000\" \/>\n\t<meta property=\"og:image:height\" content=\"2000\" \/>\n\t<meta property=\"og:image:type\" content=\"image\/jpeg\" \/>\n<meta name=\"twitter:card\" content=\"summary_large_image\" \/>\n<script type=\"application\/ld+json\" class=\"yoast-schema-graph\">{\"@context\":\"https:\/\/schema.org\",\"@graph\":[{\"@type\":\"WebPage\",\"@id\":\"https:\/\/www.tinibrush.ch\/product\/tinibrush%ef%b8%8f-ersatzset\/\",\"url\":\"https:\/\/www.tinibrush.ch\/product\/tinibrush%ef%b8%8f-ersatzset\/\",\"name\":\"Tinibrush Set mit 3 Ersatzk\u00f6pfen - Tinibrush\u00ae\",\"isPartOf\":{\"@id\":\"https:\/\/www.tinibrush.ch\/en\/#website\"},\"primaryImageOfPage\":{\"@id\":\"https:\/\/www.tinibrush.ch\/product\/tinibrush%ef%b8%8f-ersatzset\/#primaryimage\"},\"image\":{\"@id\":\"https:\/\/www.tinibrush.ch\/product\/tinibrush%ef%b8%8f-ersatzset\/#primaryimage\"},\"thumbnailUrl\":\"https:\/\/www.tinibrush.ch\/wp-content\/uploads\/2022\/06\/TBset_001.jpg\",\"datePublished\":\"2022-06-06T11:54:11+00:00\",\"dateModified\":\"2025-02-05T19:13:47+00:00\",\"description\":\"Halten Sie Ihre Tinibrush Five in bestem Zustand mit unserem Set aus 3 Ersatzb\u00fcrstenk\u00f6pfen. In verschiedenen Farben erh\u00e4ltlich f\u00fcr optimale Hygiene und gleichbleibende Borstenqualit\u00e4t.\",\"breadcrumb\":{\"@id\":\"https:\/\/www.tinibrush.ch\/product\/tinibrush%ef%b8%8f-ersatzset\/#breadcrumb\"},\"inLanguage\":\"en-GB\",\"potentialAction\":[{\"@type\":\"ReadAction\",\"target\":[\"https:\/\/www.tinibrush.ch\/product\/tinibrush%ef%b8%8f-ersatzset\/\"]}]},{\"@type\":\"ImageObject\",\"inLanguage\":\"en-GB\",\"@id\":\"https:\/\/www.tinibrush.ch\/product\/tinibrush%ef%b8%8f-ersatzset\/#primaryimage\",\"url\":\"https:\/\/www.tinibrush.ch\/wp-content\/uploads\/2022\/06\/TBset_001.jpg\",\"contentUrl\":\"https:\/\/www.tinibrush.ch\/wp-content\/uploads\/2022\/06\/TBset_001.jpg\",\"width\":2000,\"height\":2000},{\"@type\":\"BreadcrumbList\",\"@id\":\"https:\/\/www.tinibrush.ch\/product\/tinibrush%ef%b8%8f-ersatzset\/#breadcrumb\",\"itemListElement\":[{\"@type\":\"ListItem\",\"position\":1,\"name\":\"Home\",\"item\":\"https:\/\/www.tinibrush.ch\/\"},{\"@type\":\"ListItem\",\"position\":2,\"name\":\"Webshop\",\"item\":\"https:\/\/www.tinibrush.ch\/shop\/\"},{\"@type\":\"ListItem\",\"position\":3,\"name\":\"Tinibrush Set mit 3 Ersatzk\u00f6pfen\"}]},{\"@type\":\"WebSite\",\"@id\":\"https:\/\/www.tinibrush.ch\/en\/#website\",\"url\":\"https:\/\/www.tinibrush.ch\/en\/\",\"name\":\"Tinibrush\",\"description\":\"\",\"publisher\":{\"@id\":\"https:\/\/www.tinibrush.ch\/en\/#organization\"},\"potentialAction\":[{\"@type\":\"SearchAction\",\"target\":{\"@type\":\"EntryPoint\",\"urlTemplate\":\"https:\/\/www.tinibrush.ch\/en\/?s={search_term_string}\"},\"query-input\":{\"@type\":\"PropertyValueSpecification\",\"valueRequired\":true,\"valueName\":\"search_term_string\"}}],\"inLanguage\":\"en-GB\"},{\"@type\":\"Organization\",\"@id\":\"https:\/\/www.tinibrush.ch\/en\/#organization\",\"name\":\"Tinibrush\",\"url\":\"https:\/\/www.tinibrush.ch\/en\/\",\"logo\":{\"@type\":\"ImageObject\",\"inLanguage\":\"en-GB\",\"@id\":\"https:\/\/www.tinibrush.ch\/en\/#\/schema\/logo\/image\/\",\"url\":\"https:\/\/www.tinibrush.ch\/wp-content\/uploads\/2022\/03\/tinibrush_logo.png\",\"contentUrl\":\"https:\/\/www.tinibrush.ch\/wp-content\/uploads\/2022\/03\/tinibrush_logo.png\",\"width\":241,\"height\":67,\"caption\":\"Tinibrush\"},\"image\":{\"@id\":\"https:\/\/www.tinibrush.ch\/en\/#\/schema\/logo\/image\/\"},\"sameAs\":[\"https:\/\/facebook.com\/tinibrush\",\"https:\/\/www.instagram.com\/tinibrush.ch\"]}]}<\/script>\n<!-- \/ Yoast SEO plugin. -->","yoast_head_json":{"title":"Tinibrush Set mit 3 Ersatzk\u00f6pfen - Tinibrush\u00ae","description":"Halten Sie Ihre Tinibrush Five in bestem Zustand mit unserem Set aus 3 Ersatzb\u00fcrstenk\u00f6pfen. In verschiedenen Farben erh\u00e4ltlich f\u00fcr optimale Hygiene und gleichbleibende Borstenqualit\u00e4t.","robots":{"index":"index","follow":"follow","max-snippet":"max-snippet:-1","max-image-preview":"max-image-preview:large","max-video-preview":"max-video-preview:-1"},"canonical":"https:\/\/www.tinibrush.ch\/en\/product\/tinibrush\ufe0f-ersatzset\/","og_locale":"en_GB","og_type":"article","og_title":"Tinibrush Set mit 3 Ersatzk\u00f6pfen - Tinibrush\u00ae","og_description":"Halten Sie Ihre Tinibrush Five in bestem Zustand mit unserem Set aus 3 Ersatzb\u00fcrstenk\u00f6pfen. In verschiedenen Farben erh\u00e4ltlich f\u00fcr optimale Hygiene und gleichbleibende Borstenqualit\u00e4t.","og_url":"https:\/\/www.tinibrush.ch\/en\/product\/tinibrush\ufe0f-ersatzset\/","og_site_name":"Tinibrush\u00ae","article_publisher":"https:\/\/facebook.com\/tinibrush","article_modified_time":"2025-02-05T19:13:47+00:00","og_image":[{"width":2000,"height":2000,"url":"https:\/\/www.tinibrush.ch\/wp-content\/uploads\/2022\/06\/TBset_001.jpg","type":"image\/jpeg"}],"twitter_card":"summary_large_image","schema":{"@context":"https:\/\/schema.org","@graph":[{"@type":"WebPage","@id":"https:\/\/www.tinibrush.ch\/product\/tinibrush%ef%b8%8f-ersatzset\/","url":"https:\/\/www.tinibrush.ch\/product\/tinibrush%ef%b8%8f-ersatzset\/","name":"Tinibrush Set mit 3 Ersatzk\u00f6pfen - Tinibrush\u00ae","isPartOf":{"@id":"https:\/\/www.tinibrush.ch\/en\/#website"},"primaryImageOfPage":{"@id":"https:\/\/www.tinibrush.ch\/product\/tinibrush%ef%b8%8f-ersatzset\/#primaryimage"},"image":{"@id":"https:\/\/www.tinibrush.ch\/product\/tinibrush%ef%b8%8f-ersatzset\/#primaryimage"},"thumbnailUrl":"https:\/\/www.tinibrush.ch\/wp-content\/uploads\/2022\/06\/TBset_001.jpg","datePublished":"2022-06-06T11:54:11+00:00","dateModified":"2025-02-05T19:13:47+00:00","description":"Halten Sie Ihre Tinibrush Five in bestem Zustand mit unserem Set aus 3 Ersatzb\u00fcrstenk\u00f6pfen. In verschiedenen Farben erh\u00e4ltlich f\u00fcr optimale Hygiene und gleichbleibende Borstenqualit\u00e4t.","breadcrumb":{"@id":"https:\/\/www.tinibrush.ch\/product\/tinibrush%ef%b8%8f-ersatzset\/#breadcrumb"},"inLanguage":"en-GB","potentialAction":[{"@type":"ReadAction","target":["https:\/\/www.tinibrush.ch\/product\/tinibrush%ef%b8%8f-ersatzset\/"]}]},{"@type":"ImageObject","inLanguage":"en-GB","@id":"https:\/\/www.tinibrush.ch\/product\/tinibrush%ef%b8%8f-ersatzset\/#primaryimage","url":"https:\/\/www.tinibrush.ch\/wp-content\/uploads\/2022\/06\/TBset_001.jpg","contentUrl":"https:\/\/www.tinibrush.ch\/wp-content\/uploads\/2022\/06\/TBset_001.jpg","width":2000,"height":2000},{"@type":"BreadcrumbList","@id":"https:\/\/www.tinibrush.ch\/product\/tinibrush%ef%b8%8f-ersatzset\/#breadcrumb","itemListElement":[{"@type":"ListItem","position":1,"name":"Home","item":"https:\/\/www.tinibrush.ch\/"},{"@type":"ListItem","position":2,"name":"Webshop","item":"https:\/\/www.tinibrush.ch\/shop\/"},{"@type":"ListItem","position":3,"name":"Tinibrush Set mit 3 Ersatzk\u00f6pfen"}]},{"@type":"WebSite","@id":"https:\/\/www.tinibrush.ch\/en\/#website","url":"https:\/\/www.tinibrush.ch\/en\/","name":"Tinibrush","description":"","publisher":{"@id":"https:\/\/www.tinibrush.ch\/en\/#organization"},"potentialAction":[{"@type":"SearchAction","target":{"@type":"EntryPoint","urlTemplate":"https:\/\/www.tinibrush.ch\/en\/?s={search_term_string}"},"query-input":{"@type":"PropertyValueSpecification","valueRequired":true,"valueName":"search_term_string"}}],"inLanguage":"en-GB"},{"@type":"Organization","@id":"https:\/\/www.tinibrush.ch\/en\/#organization","name":"Tinibrush","url":"https:\/\/www.tinibrush.ch\/en\/","logo":{"@type":"ImageObject","inLanguage":"en-GB","@id":"https:\/\/www.tinibrush.ch\/en\/#\/schema\/logo\/image\/","url":"https:\/\/www.tinibrush.ch\/wp-content\/uploads\/2022\/03\/tinibrush_logo.png","contentUrl":"https:\/\/www.tinibrush.ch\/wp-content\/uploads\/2022\/03\/tinibrush_logo.png","width":241,"height":67,"caption":"Tinibrush"},"image":{"@id":"https:\/\/www.tinibrush.ch\/en\/#\/schema\/logo\/image\/"},"sameAs":["https:\/\/facebook.com\/tinibrush","https:\/\/www.instagram.com\/tinibrush.ch"]}]}},"_links":{"self":[{"href":"https:\/\/www.tinibrush.ch\/en\/wp-json\/wp\/v2\/product\/8898","targetHints":{"allow":["GET"]}}],"collection":[{"href":"https:\/\/www.tinibrush.ch\/en\/wp-json\/wp\/v2\/product"}],"about":[{"href":"https:\/\/www.tinibrush.ch\/en\/wp-json\/wp\/v2\/types\/product"}],"version-history":[{"count":24,"href":"https:\/\/www.tinibrush.ch\/en\/wp-json\/wp\/v2\/product\/8898\/revisions"}],"predecessor-version":[{"id":9480,"href":"https:\/\/www.tinibrush.ch\/en\/wp-json\/wp\/v2\/product\/8898\/revisions\/9480"}],"wp:featuredmedia":[{"embeddable":true,"href":"https:\/\/www.tinibrush.ch\/en\/wp-json\/wp\/v2\/media\/9041"}],"wp:attachment":[{"href":"https:\/\/www.tinibrush.ch\/en\/wp-json\/wp\/v2\/media?parent=8898"}],"wp:term":[{"taxonomy":"product_brand","embeddable":true,"href":"https:\/\/www.tinibrush.ch\/en\/wp-json\/wp\/v2\/product_brand?post=8898"},{"taxonomy":"product_cat","embeddable":true,"href":"https:\/\/www.tinibrush.ch\/en\/wp-json\/wp\/v2\/product_cat?post=8898"},{"taxonomy":"product_tag","embeddable":true,"href":"https:\/\/www.tinibrush.ch\/en\/wp-json\/wp\/v2\/product_tag?post=8898"}],"curies":[{"name":"wp","href":"https:\/\/api.w.org\/{rel}","templated":true}]}}